{"id":29253,"date":"2023-11-20T20:09:39","date_gmt":"2023-11-20T19:09:39","guid":{"rendered":"https:\/\/private-chef-bodin.ch\/?page_id=29253"},"modified":"2024-01-05T11:51:12","modified_gmt":"2024-01-05T10:51:12","slug":"der-anfuhrer","status":"publish","type":"page","link":"https:\/\/private-chef-bodin.ch\/de\/le-chef\/","title":{"rendered":"Der Chef"},"content":{"rendered":"<div data-elementor-type=\"wp-page\" data-elementor-id=\"29253\" class=\"elementor elementor-29253\">\n\t\t\t\t\t\t<section class=\"elementor-section elementor-top-section elementor-element elementor-element-8f10d4a elementor-section-height-min-height elementor-section-boxed elementor-section-height-default elementor-section-items-middle\" data-id=\"8f10d4a\" data-element_type=\"section\" data-e-type=\"section\" data-settings=\"{&quot;background_background&quot;:&quot;classic&quot;}\">\n\t\t\t\t\t\t\t<div class=\"elementor-background-overlay\"><\/div>\n\t\t\t\t\t\t\t<div class=\"elementor-container elementor-column-gap-default\">\n\t\t\t\t\t<div class=\"elementor-column elementor-col-100 elementor-top-column elementor-element elementor-element-9d515fa\" data-id=\"9d515fa\" data-element_type=\"column\" data-e-type=\"column\">\n\t\t\t<div class=\"elementor-widget-wrap elementor-element-populated\">\n\t\t\t\t\t\t<div class=\"elementor-element elementor-element-8695592 elementor-widget elementor-widget-heading\" data-id=\"8695592\" data-element_type=\"widget\" data-e-type=\"widget\" data-widget_type=\"heading.default\">\n\t\t\t\t<div class=\"elementor-widget-container\">\n\t\t\t\t\t<h1 class=\"elementor-heading-title elementor-size-default\">Vorstellung des Kochs<\/h1>\t\t\t\t<\/div>\n\t\t\t\t<\/div>\n\t\t\t\t\t<\/div>\n\t\t<\/div>\n\t\t\t\t\t<\/div>\n\t\t<\/section>\n\t\t\t\t<section class=\"elementor-section elementor-top-section elementor-element elementor-element-c1357a6 elementor-section-boxed elementor-section-height-default elementor-section-height-default\" data-id=\"c1357a6\" data-element_type=\"section\" data-e-type=\"section\" data-settings=\"{&quot;background_background&quot;:&quot;classic&quot;}\">\n\t\t\t\t\t\t\t<div class=\"elementor-background-overlay\"><\/div>\n\t\t\t\t\t\t\t<div class=\"elementor-container elementor-column-gap-default\">\n\t\t\t\t\t<div class=\"elementor-column elementor-col-50 elementor-top-column elementor-element elementor-element-1ae8667\" data-id=\"1ae8667\" data-element_type=\"column\" data-e-type=\"column\">\n\t\t\t<div class=\"elementor-widget-wrap elementor-element-populated\">\n\t\t\t\t\t\t<div class=\"elementor-element elementor-element-86994eb elementor-widget elementor-widget-heading\" data-id=\"86994eb\" data-element_type=\"widget\" data-e-type=\"widget\" data-widget_type=\"heading.default\">\n\t\t\t\t<div class=\"elementor-widget-container\">\n\t\t\t\t\t<h4 class=\"elementor-heading-title elementor-size-default\">Lernen Sie Chefkoch Bodin kennen<\/h4>\t\t\t\t<\/div>\n\t\t\t\t<\/div>\n\t\t\t\t<div class=\"elementor-element elementor-element-64d73e0 elementor-widget elementor-widget-text-editor\" data-id=\"64d73e0\" data-element_type=\"widget\" data-e-type=\"widget\" data-widget_type=\"text-editor.default\">\n\t\t\t\t<div class=\"elementor-widget-container\">\n\t\t\t\t\t\t\t\t\t<p>Willkommen in der kulinarischen Welt von Chef Colin Bodin, einem franz\u00f6sischen Gastronomiekoch.&nbsp;<\/p>\n<p>Der in der Schweiz lebende Koch hat eine au\u00dfergew\u00f6hnliche Karriere hinter sich, die bereits im Alter von 14 Jahren begann.<\/p>\n<p>Ausgestattet mit einer Leidenschaft zwischen Kochen und Backen, verk\u00f6rpert Chef Bodin dieses Gleichgewicht mit Talent und Hingabe.<\/p>\n<p>Ausgebildet an der Seite herausragender Meister der franz\u00f6sischen K\u00fcche, wie dem distinguierten <b>Meilleur Ouvrier de France Didier St\u00e9phan<\/b> und renommierte K\u00f6che <b>Yves Camdeborde<\/b> und <b>Didier de Courten<\/b>Im Laufe der Jahre hat Chefkoch Bodin seine F\u00e4higkeiten und sein Talent in jeder Phase seines Werdegangs verfeinert.<\/p>\t\t\t\t\t\t\t\t<\/div>\n\t\t\t\t<\/div>\n\t\t\t\t\t<\/div>\n\t\t<\/div>\n\t\t\t\t<div class=\"elementor-column elementor-col-50 elementor-top-column elementor-element elementor-element-529c2f4\" data-id=\"529c2f4\" data-element_type=\"column\" data-e-type=\"column\" data-settings=\"{&quot;background_background&quot;:&quot;classic&quot;}\">\n\t\t\t<div class=\"elementor-widget-wrap elementor-element-populated\">\n\t\t\t\t\t\t<div class=\"elementor-element elementor-element-c78c65e elementor-widget elementor-widget-image\" data-id=\"c78c65e\" data-element_type=\"widget\" data-e-type=\"widget\" data-widget_type=\"image.default\">\n\t\t\t\t<div class=\"elementor-widget-container\">\n\t\t\t\t\t\t\t\t\t\t\t\t\t\t\t<img fetchpriority=\"high\" decoding=\"async\" width=\"1420\" height=\"2048\" src=\"https:\/\/private-chef-bodin.ch\/wp-content\/uploads\/2023\/11\/Chef_Bodin_cuisine.jpg\" class=\"attachment-full size-full wp-image-28895\" alt=\"\" srcset=\"https:\/\/private-chef-bodin.ch\/wp-content\/uploads\/2023\/11\/Chef_Bodin_cuisine.jpg 1420w, https:\/\/private-chef-bodin.ch\/wp-content\/uploads\/2023\/11\/Chef_Bodin_cuisine-208x300.jpg 208w, https:\/\/private-chef-bodin.ch\/wp-content\/uploads\/2023\/11\/Chef_Bodin_cuisine-710x1024.jpg 710w, https:\/\/private-chef-bodin.ch\/wp-content\/uploads\/2023\/11\/Chef_Bodin_cuisine-768x1108.jpg 768w, https:\/\/private-chef-bodin.ch\/wp-content\/uploads\/2023\/11\/Chef_Bodin_cuisine-1065x1536.jpg 1065w\" sizes=\"(max-width: 1420px) 100vw, 1420px\" \/>\t\t\t\t\t\t\t\t\t\t\t\t\t\t\t<\/div>\n\t\t\t\t<\/div>\n\t\t\t\t\t<\/div>\n\t\t<\/div>\n\t\t\t\t\t<\/div>\n\t\t<\/section>\n\t\t\t\t<section class=\"elementor-section elementor-top-section elementor-element elementor-element-15aca8e elementor-reverse-mobile elementor-section-boxed elementor-section-height-default elementor-section-height-default\" data-id=\"15aca8e\" data-element_type=\"section\" data-e-type=\"section\" data-settings=\"{&quot;background_background&quot;:&quot;classic&quot;}\">\n\t\t\t\t\t\t<div class=\"elementor-container elementor-column-gap-default\">\n\t\t\t\t\t<div class=\"elementor-column elementor-col-50 elementor-top-column elementor-element elementor-element-26ef3b3\" data-id=\"26ef3b3\" data-element_type=\"column\" data-e-type=\"column\">\n\t\t\t<div class=\"elementor-widget-wrap elementor-element-populated\">\n\t\t\t\t\t\t<div class=\"elementor-element elementor-element-522635e elementor-widget elementor-widget-image\" data-id=\"522635e\" data-element_type=\"widget\" data-e-type=\"widget\" data-widget_type=\"image.default\">\n\t\t\t\t<div class=\"elementor-widget-container\">\n\t\t\t\t\t\t\t\t\t\t\t\t\t\t\t<img decoding=\"async\" width=\"800\" height=\"1200\" src=\"https:\/\/private-chef-bodin.ch\/wp-content\/uploads\/2023\/11\/eywzp_ujayw.jpg\" class=\"attachment-full size-full wp-image-29264\" alt=\"mallow cake close up photo\" srcset=\"https:\/\/private-chef-bodin.ch\/wp-content\/uploads\/2023\/11\/eywzp_ujayw.jpg 800w, https:\/\/private-chef-bodin.ch\/wp-content\/uploads\/2023\/11\/eywzp_ujayw-200x300.jpg 200w, https:\/\/private-chef-bodin.ch\/wp-content\/uploads\/2023\/11\/eywzp_ujayw-683x1024.jpg 683w, https:\/\/private-chef-bodin.ch\/wp-content\/uploads\/2023\/11\/eywzp_ujayw-768x1152.jpg 768w\" sizes=\"(max-width: 800px) 100vw, 800px\" \/>\t\t\t\t\t\t\t\t\t\t\t\t\t\t\t<\/div>\n\t\t\t\t<\/div>\n\t\t\t\t\t<\/div>\n\t\t<\/div>\n\t\t\t\t<div class=\"elementor-column elementor-col-50 elementor-top-column elementor-element elementor-element-84fc4b2\" data-id=\"84fc4b2\" data-element_type=\"column\" data-e-type=\"column\">\n\t\t\t<div class=\"elementor-widget-wrap elementor-element-populated\">\n\t\t\t\t\t\t<div class=\"elementor-element elementor-element-4ab154e elementor-widget elementor-widget-heading\" data-id=\"4ab154e\" data-element_type=\"widget\" data-e-type=\"widget\" data-widget_type=\"heading.default\">\n\t\t\t\t<div class=\"elementor-widget-container\">\n\t\t\t\t\t<h2 class=\"elementor-heading-title elementor-size-default\">Aufsteigender Stern : <br>Triumphale Anf\u00e4nge als Chefkoch<\/h2>\t\t\t\t<\/div>\n\t\t\t\t<\/div>\n\t\t\t\t<div class=\"elementor-element elementor-element-ab290c3 elementor-widget-divider--view-line elementor-widget elementor-widget-divider\" data-id=\"ab290c3\" data-element_type=\"widget\" data-e-type=\"widget\" data-widget_type=\"divider.default\">\n\t\t\t\t<div class=\"elementor-widget-container\">\n\t\t\t\t\t\t\t<div class=\"elementor-divider\">\n\t\t\t<span class=\"elementor-divider-separator\">\n\t\t\t\t\t\t<\/span>\n\t\t<\/div>\n\t\t\t\t\t\t<\/div>\n\t\t\t\t<\/div>\n\t\t\t\t<div class=\"elementor-element elementor-element-d4b6214 elementor-widget-divider--view-line elementor-widget elementor-widget-divider\" data-id=\"d4b6214\" data-element_type=\"widget\" data-e-type=\"widget\" data-widget_type=\"divider.default\">\n\t\t\t\t<div class=\"elementor-widget-container\">\n\t\t\t\t\t\t\t<div class=\"elementor-divider\">\n\t\t\t<span class=\"elementor-divider-separator\">\n\t\t\t\t\t\t<\/span>\n\t\t<\/div>\n\t\t\t\t\t\t<\/div>\n\t\t\t\t<\/div>\n\t\t\t\t<div class=\"elementor-element elementor-element-cbe9ef8 elementor-widget-divider--view-line elementor-widget elementor-widget-divider\" data-id=\"cbe9ef8\" data-element_type=\"widget\" data-e-type=\"widget\" data-widget_type=\"divider.default\">\n\t\t\t\t<div class=\"elementor-widget-container\">\n\t\t\t\t\t\t\t<div class=\"elementor-divider\">\n\t\t\t<span class=\"elementor-divider-separator\">\n\t\t\t\t\t\t<\/span>\n\t\t<\/div>\n\t\t\t\t\t\t<\/div>\n\t\t\t\t<\/div>\n\t\t\t\t<div class=\"elementor-element elementor-element-121f295 elementor-widget elementor-widget-text-editor\" data-id=\"121f295\" data-element_type=\"widget\" data-e-type=\"widget\" data-widget_type=\"text-editor.default\">\n\t\t\t\t<div class=\"elementor-widget-container\">\n\t\t\t\t\t\t\t\t\t<p>Bereits im Alter von 16 Jahren hinterlie\u00df Chef Bodin einen unausl\u00f6schlichen Eindruck in der Welt der Patisserie, als er den ersten Preis bei einem renommierten Wettbewerb f\u00fcr Chocolatiers gewann. Im Alter von nur 20 Jahren wurde er vom Guide Michelin mit dem Titel \"Jeune Meilleur Espoir Chef P\u00e2tissier\" geehrt, eine gro\u00dfartige Anerkennung seines fr\u00fchen Talents und seines Engagements f\u00fcr Spitzenleistungen.<\/p>\t\t\t\t\t\t\t\t<\/div>\n\t\t\t\t<\/div>\n\t\t\t\t\t<\/div>\n\t\t<\/div>\n\t\t\t\t\t<\/div>\n\t\t<\/section>\n\t\t\t\t<section class=\"elementor-section elementor-top-section elementor-element elementor-element-74eceae elementor-section-content-middle elementor-section-boxed elementor-section-height-default elementor-section-height-default\" data-id=\"74eceae\" data-element_type=\"section\" data-e-type=\"section\" data-settings=\"{&quot;background_background&quot;:&quot;classic&quot;}\">\n\t\t\t\t\t\t<div class=\"elementor-container elementor-column-gap-default\">\n\t\t\t\t\t<div class=\"elementor-column elementor-col-50 elementor-top-column elementor-element elementor-element-3768061\" data-id=\"3768061\" data-element_type=\"column\" data-e-type=\"column\">\n\t\t\t<div class=\"elementor-widget-wrap elementor-element-populated\">\n\t\t\t\t\t\t<div class=\"elementor-element elementor-element-2aee9ad elementor-widget elementor-widget-heading\" data-id=\"2aee9ad\" data-element_type=\"widget\" data-e-type=\"widget\" data-widget_type=\"heading.default\">\n\t\t\t\t<div class=\"elementor-widget-container\">\n\t\t\t\t\t<h2 class=\"elementor-heading-title elementor-size-default\">Ein leidenschaftlicher Koch<\/h2>\t\t\t\t<\/div>\n\t\t\t\t<\/div>\n\t\t\t\t<div class=\"elementor-element elementor-element-1a0a940 elementor-widget-divider--view-line elementor-widget elementor-widget-divider\" data-id=\"1a0a940\" data-element_type=\"widget\" data-e-type=\"widget\" data-widget_type=\"divider.default\">\n\t\t\t\t<div class=\"elementor-widget-container\">\n\t\t\t\t\t\t\t<div class=\"elementor-divider\">\n\t\t\t<span class=\"elementor-divider-separator\">\n\t\t\t\t\t\t<\/span>\n\t\t<\/div>\n\t\t\t\t\t\t<\/div>\n\t\t\t\t<\/div>\n\t\t\t\t<div class=\"elementor-element elementor-element-fe94ff9 elementor-widget-divider--view-line elementor-widget elementor-widget-divider\" data-id=\"fe94ff9\" data-element_type=\"widget\" data-e-type=\"widget\" data-widget_type=\"divider.default\">\n\t\t\t\t<div class=\"elementor-widget-container\">\n\t\t\t\t\t\t\t<div class=\"elementor-divider\">\n\t\t\t<span class=\"elementor-divider-separator\">\n\t\t\t\t\t\t<\/span>\n\t\t<\/div>\n\t\t\t\t\t\t<\/div>\n\t\t\t\t<\/div>\n\t\t\t\t<div class=\"elementor-element elementor-element-1904d1f elementor-widget-divider--view-line elementor-widget elementor-widget-divider\" data-id=\"1904d1f\" data-element_type=\"widget\" data-e-type=\"widget\" data-widget_type=\"divider.default\">\n\t\t\t\t<div class=\"elementor-widget-container\">\n\t\t\t\t\t\t\t<div class=\"elementor-divider\">\n\t\t\t<span class=\"elementor-divider-separator\">\n\t\t\t\t\t\t<\/span>\n\t\t<\/div>\n\t\t\t\t\t\t<\/div>\n\t\t\t\t<\/div>\n\t\t\t\t<div class=\"elementor-element elementor-element-8d6a0cd elementor-widget elementor-widget-text-editor\" data-id=\"8d6a0cd\" data-element_type=\"widget\" data-e-type=\"widget\" data-widget_type=\"text-editor.default\">\n\t\t\t\t<div class=\"elementor-widget-container\">\n\t\t\t\t\t\t\t\t\t<p>F\u00fcr Chefkoch Bodin ist Kochen mehr als nur ein Handwerk; es ist eine Kunst, die darauf abzielt, ein unvergessliches Sinneserlebnis zu bieten.<\/p><p>\u00a0<\/p><p>\u00a0<\/p><p>Seine Leidenschaft f\u00fcr authentische K\u00fcche spiegelt sich in jedem Gericht wider und stellt sorgf\u00e4ltig ausgew\u00e4hlte frische und lokale Produkte in den Vordergrund.<\/p><p>\u00a0<\/p><p>In seinem Bestreben, au\u00dfergew\u00f6hnliche kulinarische Momente zu schaffen, bietet Chefkoch Bodin Abendessen an, die den gr\u00f6\u00dften Sternerestaurants w\u00fcrdig sind.<\/p><p>\u00a0<\/p><p>\u00a0<\/p><p>W\u00e4hlen Sie aus einem 5-, 7- oder 9-G\u00e4nge-Men\u00fc und tauchen Sie ein in ein unvergleichliches gastronomisches Erlebnis, das von einem engagierten Team inszeniert wird.<\/p><p>\u00a0<\/p>\t\t\t\t\t\t\t\t<\/div>\n\t\t\t\t<\/div>\n\t\t\t\t\t<\/div>\n\t\t<\/div>\n\t\t\t\t<div class=\"elementor-column elementor-col-50 elementor-top-column elementor-element elementor-element-2c49017\" data-id=\"2c49017\" data-element_type=\"column\" data-e-type=\"column\">\n\t\t\t<div class=\"elementor-widget-wrap elementor-element-populated\">\n\t\t\t\t\t\t<div class=\"elementor-element elementor-element-e04e383 elementor-widget elementor-widget-image\" data-id=\"e04e383\" data-element_type=\"widget\" data-e-type=\"widget\" data-widget_type=\"image.default\">\n\t\t\t\t<div class=\"elementor-widget-container\">\n\t\t\t\t\t\t\t\t\t\t\t\t\t\t\t<img decoding=\"async\" width=\"779\" height=\"1024\" src=\"https:\/\/private-chef-bodin.ch\/wp-content\/uploads\/2023\/11\/1cc0iuasg2i-779x1024.jpg\" class=\"attachment-large size-large wp-image-29262\" alt=\"eine wei\u00dfe Platte mit Lebensmitteln bedeckt auf einem Tisch\" srcset=\"https:\/\/private-chef-bodin.ch\/wp-content\/uploads\/2023\/11\/1cc0iuasg2i-779x1024.jpg 779w, https:\/\/private-chef-bodin.ch\/wp-content\/uploads\/2023\/11\/1cc0iuasg2i-228x300.jpg 228w, https:\/\/private-chef-bodin.ch\/wp-content\/uploads\/2023\/11\/1cc0iuasg2i-768x1009.jpg 768w, https:\/\/private-chef-bodin.ch\/wp-content\/uploads\/2023\/11\/1cc0iuasg2i.jpg 913w\" sizes=\"(max-width: 779px) 100vw, 779px\" \/>\t\t\t\t\t\t\t\t\t\t\t\t\t\t\t<\/div>\n\t\t\t\t<\/div>\n\t\t\t\t\t<\/div>\n\t\t<\/div>\n\t\t\t\t\t<\/div>\n\t\t<\/section>\n\t\t\t\t<section class=\"elementor-section elementor-top-section elementor-element elementor-element-aae7615 elementor-section-boxed elementor-section-height-default elementor-section-height-default\" data-id=\"aae7615\" data-element_type=\"section\" data-e-type=\"section\" data-settings=\"{&quot;background_background&quot;:&quot;classic&quot;}\">\n\t\t\t\t\t\t<div class=\"elementor-container elementor-column-gap-default\">\n\t\t\t\t\t<div class=\"elementor-column elementor-col-100 elementor-top-column elementor-element elementor-element-a87a4cd\" data-id=\"a87a4cd\" data-element_type=\"column\" data-e-type=\"column\">\n\t\t\t<div class=\"elementor-widget-wrap elementor-element-populated\">\n\t\t\t\t\t\t<div class=\"elementor-element elementor-element-f4a9703 elementor-widget elementor-widget-heading\" data-id=\"f4a9703\" data-element_type=\"widget\" data-e-type=\"widget\" data-widget_type=\"heading.default\">\n\t\t\t\t<div class=\"elementor-widget-container\">\n\t\t\t\t\t<h4 class=\"elementor-heading-title elementor-size-default\">Entdecken Sie die perfekte Harmonie zwischen Tradition und Innovation, zwischen Leidenschaft und Pr\u00e4zision bei einem von Chefkoch Bodin orchestrierten Essen.<\/h4>\t\t\t\t<\/div>\n\t\t\t\t<\/div>\n\t\t\t\t<div class=\"elementor-element elementor-element-43d2084 elementor-align-center elementor-widget elementor-widget-button\" data-id=\"43d2084\" data-element_type=\"widget\" data-e-type=\"widget\" data-widget_type=\"button.default\">\n\t\t\t\t<div class=\"elementor-widget-container\">\n\t\t\t\t\t\t\t\t\t<div class=\"elementor-button-wrapper\">\n\t\t\t\t\t<a class=\"elementor-button elementor-button-link elementor-size-sm\" href=\"https:\/\/private-chef-bodin.ch\/de\/kontakt\/\">\n\t\t\t\t\t\t<span class=\"elementor-button-content-wrapper\">\n\t\t\t\t\t\t\t\t\t<span class=\"elementor-button-text\">kontaktieren Sie uns.\u00a0<\/span>\n\t\t\t\t\t<\/span>\n\t\t\t\t\t<\/a>\n\t\t\t\t<\/div>\n\t\t\t\t\t\t\t\t<\/div>\n\t\t\t\t<\/div>\n\t\t\t\t\t<\/div>\n\t\t<\/div>\n\t\t\t\t\t<\/div>\n\t\t<\/section>\n\t\t\t\t<\/div>","protected":false},"excerpt":{"rendered":"<p>Pr\u00e9sentation du Chef Rencontrez le Chef Bodin Bienvenue dans l&rsquo;univers culinaire du Chef Colin Bodin, chef en gastronomie fran\u00e7ais.&nbsp; Install\u00e9 en Suisse, le Chef \u00e0 une carri\u00e8re exceptionnelle qui a d\u00e9but\u00e9 \u00e0 l&rsquo;\u00e2ge de 14 ans. Dot\u00e9 d&rsquo;une passion entre la cuisine et la p\u00e2tisserie, le Chef Bodin incarne cet \u00e9quilibre avec talent et d\u00e9vouement. [&hellip;]<\/p>\n","protected":false},"author":1,"featured_media":0,"parent":0,"menu_order":0,"comment_status":"closed","ping_status":"closed","template":"","meta":{"_monsterinsights_skip_tracking":false,"_monsterinsights_sitenote_active":false,"_monsterinsights_sitenote_note":"","_monsterinsights_sitenote_category":0,"site-sidebar-layout":"no-sidebar","site-content-layout":"page-builder","ast-site-content-layout":"default","site-content-style":"default","site-sidebar-style":"default","ast-global-header-display":"","ast-banner-title-visibility":"","ast-main-header-display":"","ast-hfb-above-header-display":"","ast-hfb-below-header-display":"","ast-hfb-mobile-header-display":"","site-post-title":"disabled","ast-breadcrumbs-content":"","ast-featured-img":"disabled","footer-sml-layout":"","ast-disable-related-posts":"","theme-transparent-header-meta":"enabled","adv-header-id-meta":"","stick-header-meta":"","header-above-stick-meta":"","header-main-stick-meta":"","header-below-stick-meta":"","astra-migrate-meta-layouts":"default","ast-page-background-enabled":"default","ast-page-background-meta":{"desktop":{"background-color":"var(--ast-global-color-4)","background-image":"","background-repeat":"repeat","background-position":"center center","background-size":"auto","background-attachment":"scroll","background-type":"","background-media":"","overlay-type":"","overlay-color":"","overlay-opacity":"","overlay-gradient":""},"tablet":{"background-color":"","background-image":"","background-repeat":"repeat","background-position":"center center","background-size":"auto","background-attachment":"scroll","background-type":"","background-media":"","overlay-type":"","overlay-color":"","overlay-opacity":"","overlay-gradient":""},"mobile":{"background-color":"","background-image":"","background-repeat":"repeat","background-position":"center center","background-size":"auto","background-attachment":"scroll","background-type":"","background-media":"","overlay-type":"","overlay-color":"","overlay-opacity":"","overlay-gradient":""}},"ast-content-background-meta":{"desktop":{"background-color":"var(--ast-global-color-5)","background-image":"","background-repeat":"repeat","background-position":"center center","background-size":"auto","background-attachment":"scroll","background-type":"","background-media":"","overlay-type":"","overlay-color":"","overlay-opacity":"","overlay-gradient":""},"tablet":{"background-color":"var(--ast-global-color-5)","background-image":"","background-repeat":"repeat","background-position":"center center","background-size":"auto","background-attachment":"scroll","background-type":"","background-media":"","overlay-type":"","overlay-color":"","overlay-opacity":"","overlay-gradient":""},"mobile":{"background-color":"var(--ast-global-color-5)","background-image":"","background-repeat":"repeat","background-position":"center center","background-size":"auto","background-attachment":"scroll","background-type":"","background-media":"","overlay-type":"","overlay-color":"","overlay-opacity":"","overlay-gradient":""}},"footnotes":""},"class_list":["post-29253","page","type-page","status-publish","hentry"],"_links":{"self":[{"href":"https:\/\/private-chef-bodin.ch\/de\/wp-json\/wp\/v2\/pages\/29253","targetHints":{"allow":["GET"]}}],"collection":[{"href":"https:\/\/private-chef-bodin.ch\/de\/wp-json\/wp\/v2\/pages"}],"about":[{"href":"https:\/\/private-chef-bodin.ch\/de\/wp-json\/wp\/v2\/types\/page"}],"author":[{"embeddable":true,"href":"https:\/\/private-chef-bodin.ch\/de\/wp-json\/wp\/v2\/users\/1"}],"replies":[{"embeddable":true,"href":"https:\/\/private-chef-bodin.ch\/de\/wp-json\/wp\/v2\/comments?post=29253"}],"version-history":[{"count":25,"href":"https:\/\/private-chef-bodin.ch\/de\/wp-json\/wp\/v2\/pages\/29253\/revisions"}],"predecessor-version":[{"id":29561,"href":"https:\/\/private-chef-bodin.ch\/de\/wp-json\/wp\/v2\/pages\/29253\/revisions\/29561"}],"wp:attachment":[{"href":"https:\/\/private-chef-bodin.ch\/de\/wp-json\/wp\/v2\/media?parent=29253"}],"curies":[{"name":"wp","href":"https:\/\/api.w.org\/{rel}","templated":true}]}}